{"id":1186,"date":"2026-02-10T05:42:05","date_gmt":"2026-02-10T05:42:05","guid":{"rendered":"https:\/\/mohamedelyeszormati.com\/?page_id=1186"},"modified":"2026-02-13T05:56:26","modified_gmt":"2026-02-13T05:56:26","slug":"landing-page","status":"publish","type":"page","link":"https:\/\/mohamedelyeszormati.com\/fr\/landing-page\/","title":{"rendered":"Landing Page"},"content":{"rendered":"<div data-elementor-type=\"wp-page\" data-elementor-id=\"1186\" class=\"elementor elementor-1186\">\n\t\t\t\t<div class=\"elementor-element elementor-element-01112ac e-flex e-con-boxed e-con e-parent\" data-id=\"01112ac\" data-element_type=\"container\">\n\t\t\t\t\t<div class=\"e-con-inner\">\n\t\t<div class=\"elementor-element elementor-element-432bfb3 e-con-full e-flex e-con e-child\" data-id=\"432bfb3\" data-element_type=\"container\" data-settings=\"{&quot;animation&quot;:&quot;none&quot;,&quot;animation_delay&quot;:0}\">\n\t\t\t\t<div class=\"elementor-element elementor-element-29cf76f elementor-widget elementor-widget-text-editor\" data-id=\"29cf76f\" data-element_type=\"widget\" data-widget_type=\"text-editor.default\">\n\t\t\t\t\t\t\t\t\t<p>Introduction<\/p>\t\t\t\t\t\t\t\t<\/div>\n\t\t\t\t<div class=\"elementor-element elementor-element-7f151ca elementor-widget elementor-widget-heading\" data-id=\"7f151ca\" data-element_type=\"widget\" data-widget_type=\"heading.default\">\n\t\t\t\t\t<h3 class=\"elementor-heading-title elementor-size-default\">Qu'est-ce qu'une landing page ?<\/h3>\t\t\t\t<\/div>\n\t\t\t\t<div class=\"elementor-element elementor-element-eda8db9 elementor-widget elementor-widget-text-editor\" data-id=\"eda8db9\" data-element_type=\"widget\" data-widget_type=\"text-editor.default\">\n\t\t\t\t\t\t\t\t\tUne landing page est une page web cibl\u00e9e et autonome, con\u00e7ue pour capter l'attention des visiteurs et les guider vers une action sp\u00e9cifique, comme s'inscrire, effectuer un achat, t\u00e9l\u00e9charger une application ou contacter une entreprise.\t\t\t\t\t\t\t\t<\/div>\n\t\t\t\t<\/div>\n\t\t<div class=\"elementor-element elementor-element-618441b e-con-full e-flex e-con e-child\" data-id=\"618441b\" data-element_type=\"container\" data-settings=\"{&quot;animation&quot;:&quot;none&quot;,&quot;animation_delay&quot;:0}\">\n\t\t\t\t<div class=\"elementor-element elementor-element-cc0c12d elementor-widget elementor-widget-image\" data-id=\"cc0c12d\" data-element_type=\"widget\" data-settings=\"{&quot;_animation&quot;:&quot;none&quot;,&quot;_animation_delay&quot;:0}\" data-widget_type=\"image.default\">\n\t\t\t\t\t\t\t\t\t\t\t\t\t\t\t<img fetchpriority=\"high\" decoding=\"async\" width=\"878\" height=\"1024\" src=\"https:\/\/mohamedelyeszormati.com\/wp-content\/uploads\/2026\/02\/lading-pages-878x1024.webp\" class=\"attachment-large size-large wp-image-1195\" alt=\"\" srcset=\"https:\/\/mohamedelyeszormati.com\/wp-content\/uploads\/2026\/02\/lading-pages-878x1024.webp 878w, https:\/\/mohamedelyeszormati.com\/wp-content\/uploads\/2026\/02\/lading-pages-257x300.webp 257w, https:\/\/mohamedelyeszormati.com\/wp-content\/uploads\/2026\/02\/lading-pages-768x896.webp 768w, https:\/\/mohamedelyeszormati.com\/wp-content\/uploads\/2026\/02\/lading-pages-1316x1536.webp 1316w, https:\/\/mohamedelyeszormati.com\/wp-content\/uploads\/2026\/02\/lading-pages-10x12.webp 10w, https:\/\/mohamedelyeszormati.com\/wp-content\/uploads\/2026\/02\/lading-pages.webp 1755w\" sizes=\"(max-width: 878px) 100vw, 878px\" \/>\t\t\t\t\t\t\t\t\t\t\t\t\t\t\t<\/div>\n\t\t\t\t<\/div>\n\t\t\t\t\t<\/div>\n\t\t\t\t<\/div>\n\t\t<div class=\"elementor-element elementor-element-b21fb2f e-flex e-con-boxed e-con e-parent\" data-id=\"b21fb2f\" data-element_type=\"container\">\n\t\t\t\t\t<div class=\"e-con-inner\">\n\t\t\t\t<div class=\"elementor-element elementor-element-74fe2ff elementor-widget-divider--view-line elementor-widget elementor-widget-divider\" data-id=\"74fe2ff\" data-element_type=\"widget\" data-widget_type=\"divider.default\">\n\t\t\t\t\t\t\t<div class=\"elementor-divider\">\n\t\t\t<span class=\"elementor-divider-separator\">\n\t\t\t\t\t\t<\/span>\n\t\t<\/div>\n\t\t\t\t\t\t<\/div>\n\t\t\t\t\t<\/div>\n\t\t\t\t<\/div>\n\t\t<div class=\"elementor-element elementor-element-4599228 e-flex e-con-boxed e-con e-parent\" data-id=\"4599228\" data-element_type=\"container\">\n\t\t\t\t\t<div class=\"e-con-inner\">\n\t\t<div class=\"elementor-element elementor-element-dca783e e-con-full e-flex e-con e-child\" data-id=\"dca783e\" data-element_type=\"container\" data-settings=\"{&quot;animation&quot;:&quot;none&quot;,&quot;animation_delay&quot;:500}\">\n\t\t\t\t<div class=\"elementor-element elementor-element-d3dbe64 elementor-widget elementor-widget-image\" data-id=\"d3dbe64\" data-element_type=\"widget\" data-widget_type=\"image.default\">\n\t\t\t\t\t\t\t\t\t\t\t\t\t\t\t<img decoding=\"async\" width=\"500\" height=\"390\" src=\"https:\/\/mohamedelyeszormati.com\/wp-content\/uploads\/2026\/02\/landing-page-benefits.gif\" class=\"attachment-large size-large wp-image-1343\" alt=\"\" \/>\t\t\t\t\t\t\t\t\t\t\t\t\t\t\t<\/div>\n\t\t\t\t<\/div>\n\t\t<div class=\"elementor-element elementor-element-60c823b e-con-full e-flex e-con e-child\" data-id=\"60c823b\" data-element_type=\"container\" data-settings=\"{&quot;animation&quot;:&quot;none&quot;,&quot;animation_delay&quot;:500}\">\n\t\t\t\t<div class=\"elementor-element elementor-element-5b4f0e6 elementor-widget elementor-widget-text-editor\" data-id=\"5b4f0e6\" data-element_type=\"widget\" data-widget_type=\"text-editor.default\">\n\t\t\t\t\t\t\t\t\t<p>Avantages<\/p>\t\t\t\t\t\t\t\t<\/div>\n\t\t\t\t<div class=\"elementor-element elementor-element-cff7621 elementor-widget elementor-widget-heading\" data-id=\"cff7621\" data-element_type=\"widget\" data-widget_type=\"heading.default\">\n\t\t\t\t\t<h3 class=\"elementor-heading-title elementor-size-default\">Comment une landing page augmente-t-elle les ventes et les prospects\u00a0?<\/h3>\t\t\t\t<\/div>\n\t\t\t\t<div class=\"elementor-element elementor-element-b698c5f elementor-widget elementor-widget-text-editor\" data-id=\"b698c5f\" data-element_type=\"widget\" data-widget_type=\"text-editor.default\">\n\t\t\t\t\t\t\t\t\tUne landing page sert votre entreprise en pr\u00e9sentant clairement votre offre et en guidant les visiteurs vers une action unique et cibl\u00e9e.<br><br> Cela permet d'attirer le bon public, de communiquer rapidement la valeur ajout\u00e9e et de transformer l'int\u00e9r\u00eat en r\u00e9sultats mesurables tels que des prospects, des inscriptions ou des ventes.\t\t\t\t\t\t\t\t<\/div>\n\t\t\t\t<\/div>\n\t\t\t\t\t<\/div>\n\t\t\t\t<\/div>\n\t\t<div class=\"elementor-element elementor-element-657f1ee e-flex e-con-boxed e-con e-parent\" data-id=\"657f1ee\" data-element_type=\"container\">\n\t\t\t\t\t<div class=\"e-con-inner\">\n\t\t\t\t<div class=\"elementor-element elementor-element-724a0b0 elementor-widget-divider--view-line elementor-widget elementor-widget-divider\" data-id=\"724a0b0\" data-element_type=\"widget\" data-widget_type=\"divider.default\">\n\t\t\t\t\t\t\t<div class=\"elementor-divider\">\n\t\t\t<span class=\"elementor-divider-separator\">\n\t\t\t\t\t\t<\/span>\n\t\t<\/div>\n\t\t\t\t\t\t<\/div>\n\t\t\t\t\t<\/div>\n\t\t\t\t<\/div>\n\t\t<div class=\"elementor-element elementor-element-5f74552 e-flex e-con-boxed e-con e-parent\" data-id=\"5f74552\" data-element_type=\"container\">\n\t\t\t\t\t<div class=\"e-con-inner\">\n\t\t<div class=\"elementor-element elementor-element-7dfdcb9 e-con-full e-flex e-con e-child\" data-id=\"7dfdcb9\" data-element_type=\"container\" data-settings=\"{&quot;animation&quot;:&quot;none&quot;,&quot;animation_delay&quot;:500}\">\n\t\t\t\t<div class=\"elementor-element elementor-element-9321802 elementor-widget elementor-widget-text-editor\" data-id=\"9321802\" data-element_type=\"widget\" data-widget_type=\"text-editor.default\">\n\t\t\t\t\t\t\t\t\t<p>Analyses et donn\u00e9es<\/p>\t\t\t\t\t\t\t\t<\/div>\n\t\t\t\t<div class=\"elementor-element elementor-element-63b57ce elementor-widget elementor-widget-heading\" data-id=\"63b57ce\" data-element_type=\"widget\" data-widget_type=\"heading.default\">\n\t\t\t\t\t<h3 class=\"elementor-heading-title elementor-size-default\">Suivez les performances de votre landing page<\/h3>\t\t\t\t<\/div>\n\t\t\t\t<div class=\"elementor-element elementor-element-eac9f70 elementor-widget elementor-widget-text-editor\" data-id=\"eac9f70\" data-element_type=\"widget\" data-widget_type=\"text-editor.default\">\n\t\t\t\t\t\t\t\t\tVous pourrez suivre les performances de votre landing page gr\u00e2ce \u00e0 des outils d'analyse qui surveillent l'activit\u00e9 et le comportement des visiteurs.<br><br>Gr\u00e2ce \u00e0 un tableau de bord personnalis\u00e9, vous pouvez consulter des informations importantes telles que le nombre de visiteurs sur votre site, leur provenance, les pages qu'ils consultent le plus, la dur\u00e9e de leur visite et les actions qu'ils effectuent. <br><br>Ces donn\u00e9es vous aident \u00e0 mieux comprendre votre public, \u00e0 mesurer l'efficacit\u00e9 de vos efforts marketing et \u00e0 prendre des d\u00e9cisions \u00e9clair\u00e9es pour am\u00e9liorer votre site web et d\u00e9velopper votre activit\u00e9.\t\t\t\t\t\t\t\t<\/div>\n\t\t\t\t<\/div>\n\t\t<div class=\"elementor-element elementor-element-bb1b9df e-con-full e-flex e-con e-child\" data-id=\"bb1b9df\" data-element_type=\"container\" data-settings=\"{&quot;animation&quot;:&quot;none&quot;,&quot;animation_delay&quot;:500}\">\n\t\t\t\t<div class=\"elementor-element elementor-element-30dc23c elementor-widget elementor-widget-image\" data-id=\"30dc23c\" data-element_type=\"widget\" data-settings=\"{&quot;_animation&quot;:&quot;none&quot;,&quot;_animation_delay&quot;:0}\" data-widget_type=\"image.default\">\n\t\t\t\t\t\t\t\t\t\t\t\t\t\t\t<img decoding=\"async\" width=\"1024\" height=\"621\" src=\"https:\/\/mohamedelyeszormati.com\/wp-content\/uploads\/2026\/02\/advanced-insights-analystics-reporting.gif\" class=\"attachment-large size-large wp-image-1361\" alt=\"\" \/>\t\t\t\t\t\t\t\t\t\t\t\t\t\t\t<\/div>\n\t\t\t\t<\/div>\n\t\t\t\t\t<\/div>\n\t\t\t\t<\/div>\n\t\t<div class=\"elementor-element elementor-element-59754c0 e-flex e-con-boxed e-con e-parent\" data-id=\"59754c0\" data-element_type=\"container\">\n\t\t\t\t\t<div class=\"e-con-inner\">\n\t\t\t\t<div class=\"elementor-element elementor-element-c8c9e3d elementor-widget-divider--view-line elementor-widget elementor-widget-divider\" data-id=\"c8c9e3d\" data-element_type=\"widget\" data-widget_type=\"divider.default\">\n\t\t\t\t\t\t\t<div class=\"elementor-divider\">\n\t\t\t<span class=\"elementor-divider-separator\">\n\t\t\t\t\t\t<\/span>\n\t\t<\/div>\n\t\t\t\t\t\t<\/div>\n\t\t\t\t\t<\/div>\n\t\t\t\t<\/div>\n\t\t<div class=\"elementor-element elementor-element-e01934e e-flex e-con-boxed e-con e-parent\" data-id=\"e01934e\" data-element_type=\"container\">\n\t\t\t\t\t<div class=\"e-con-inner\">\n\t\t<div class=\"elementor-element elementor-element-88a6abe e-con-full e-flex e-con e-child\" data-id=\"88a6abe\" data-element_type=\"container\" data-settings=\"{&quot;animation&quot;:&quot;none&quot;,&quot;animation_delay&quot;:500}\">\n\t\t\t\t<div class=\"elementor-element elementor-element-233f330 elementor-widget elementor-widget-text-editor\" data-id=\"233f330\" data-element_type=\"widget\" data-widget_type=\"text-editor.default\">\n\t\t\t\t\t\t\t\t\t<p>Responsive Design<\/p>\t\t\t\t\t\t\t\t<\/div>\n\t\t\t\t<div class=\"elementor-element elementor-element-a2dbd02 elementor-widget elementor-widget-heading\" data-id=\"a2dbd02\" data-element_type=\"widget\" data-widget_type=\"heading.default\">\n\t\t\t\t\t<h3 class=\"elementor-heading-title elementor-size-default\">Votre landing page s'affiche parfaitement sur tous les appareils<\/h3>\t\t\t\t<\/div>\n\t\t\t\t<div class=\"elementor-element elementor-element-0029b9e elementor-widget elementor-widget-text-editor\" data-id=\"0029b9e\" data-element_type=\"widget\" data-widget_type=\"text-editor.default\">\n\t\t\t\t\t\t\t\t\t<p>Votre landing page s'adaptera automatiquement pour fonctionner correctement sur tous les \u00e9crans.<\/p><p>Cela garantit une exp\u00e9rience utilisateur homog\u00e8ne, une navigation facile et des performances rapides, que vos visiteurs naviguent sur un PC, une tablette ou un smartphone.<\/p>\t\t\t\t\t\t\t\t<\/div>\n\t\t\t\t<\/div>\n\t\t<div class=\"elementor-element elementor-element-4ba7292 e-con-full e-flex e-con e-child\" data-id=\"4ba7292\" data-element_type=\"container\" data-settings=\"{&quot;animation&quot;:&quot;none&quot;,&quot;animation_delay&quot;:500}\">\n\t\t\t\t<div class=\"elementor-element elementor-element-c19c6e0 elementor-invisible elementor-widget elementor-widget-image\" data-id=\"c19c6e0\" data-element_type=\"widget\" data-settings=\"{&quot;_animation&quot;:&quot;fadeIn&quot;,&quot;_animation_delay&quot;:1000}\" data-widget_type=\"image.default\">\n\t\t\t\t\t\t\t\t\t\t\t\t\t\t\t<img decoding=\"async\" src=\"https:\/\/mohamedelyeszormati.com\/wp-content\/uploads\/2026\/02\/responsive-website.gif\" title=\"\" alt=\"\" loading=\"lazy\" \/>\t\t\t\t\t\t\t\t\t\t\t\t\t\t\t<\/div>\n\t\t\t\t<\/div>\n\t\t\t\t\t<\/div>\n\t\t\t\t<\/div>\n\t\t<div class=\"elementor-element elementor-element-9e6ed4d e-flex e-con-boxed e-con e-parent\" data-id=\"9e6ed4d\" data-element_type=\"container\">\n\t\t\t\t\t<div class=\"e-con-inner\">\n\t\t\t\t<div class=\"elementor-element elementor-element-7922353 elementor-widget-divider--view-line elementor-widget elementor-widget-divider\" data-id=\"7922353\" data-element_type=\"widget\" data-widget_type=\"divider.default\">\n\t\t\t\t\t\t\t<div class=\"elementor-divider\">\n\t\t\t<span class=\"elementor-divider-separator\">\n\t\t\t\t\t\t<\/span>\n\t\t<\/div>\n\t\t\t\t\t\t<\/div>\n\t\t\t\t\t<\/div>\n\t\t\t\t<\/div>\n\t\t<div class=\"elementor-element elementor-element-7e024b3 e-flex e-con-boxed e-con e-parent\" data-id=\"7e024b3\" data-element_type=\"container\" data-settings=\"{&quot;animation&quot;:&quot;none&quot;,&quot;animation_delay&quot;:500}\">\n\t\t\t\t\t<div class=\"e-con-inner\">\n\t\t<div class=\"elementor-element elementor-element-6fa8505 e-con-full e-flex e-con e-child\" data-id=\"6fa8505\" data-element_type=\"container\">\n\t\t\t\t<div class=\"elementor-element elementor-element-dd3a6e5 elementor-widget elementor-widget-heading\" data-id=\"dd3a6e5\" data-element_type=\"widget\" data-widget_type=\"heading.default\">\n\t\t\t\t\t<h3 class=\"elementor-heading-title elementor-size-default\">\u00cates-vous int\u00e9ress\u00e9s par une landing page ?<\/h3>\t\t\t\t<\/div>\n\t\t\t\t<div class=\"elementor-element elementor-element-3f0664b elementor-widget elementor-widget-text-editor\" data-id=\"3f0664b\" data-element_type=\"widget\" data-widget_type=\"text-editor.default\">\n\t\t\t\t\t\t\t\t\t<p>Veuillez demander un devis pour commencer.<\/p>\t\t\t\t\t\t\t\t<\/div>\n\t\t\t\t<\/div>\n\t\t<div class=\"elementor-element elementor-element-786894b e-con-full e-flex e-con e-child\" data-id=\"786894b\" data-element_type=\"container\">\n\t\t\t\t<div class=\"elementor-element elementor-element-ba3cc81 elementor-mobile-align-center elementor-widget elementor-widget-button\" data-id=\"ba3cc81\" data-element_type=\"widget\" data-widget_type=\"button.default\">\n\t\t\t\t\t\t\t\t\t\t<a class=\"elementor-button elementor-button-link elementor-size-sm\" href=\"https:\/\/mohamedelyeszormati.com\/fr\/request-a-quote\/\">\n\t\t\t\t\t\t<span class=\"elementor-button-content-wrapper\">\n\t\t\t\t\t\t\t\t\t<span class=\"elementor-button-text\">Demander un Devis<\/span>\n\t\t\t\t\t<\/span>\n\t\t\t\t\t<\/a>\n\t\t\t\t\t\t\t\t<\/div>\n\t\t\t\t<\/div>\n\t\t\t\t\t<\/div>\n\t\t\t\t<\/div>\n\t\t\t\t<\/div>","protected":false},"excerpt":{"rendered":"<p>Introduction What Is a Landing Page? A landing page is a focused, standalone web page designed to capture visitors\u2019 attention [&hellip;]<\/p>","protected":false},"author":1,"featured_media":0,"parent":0,"menu_order":0,"comment_status":"closed","ping_status":"closed","template":"","meta":{"site-sidebar-layout":"no-sidebar","site-content-layout":"","ast-site-content-layout":"full-width-container","site-content-style":"default","site-sidebar-style":"default","ast-global-header-display":"","ast-banner-title-visibility":"","ast-main-header-display":"","ast-hfb-above-header-display":"","ast-hfb-below-header-display":"","ast-hfb-mobile-header-display":"","site-post-title":"disabled","ast-breadcrumbs-content":"","ast-featured-img":"disabled","footer-sml-layout":"","ast-disable-related-posts":"","theme-transparent-header-meta":"","adv-header-id-meta":"","stick-header-meta":"","header-above-stick-meta":"","header-main-stick-meta":"","header-below-stick-meta":"","astra-migrate-meta-layouts":"default","ast-page-background-enabled":"default","ast-page-background-meta":{"desktop":{"background-color":"var(--ast-global-color-5)","background-image":"","background-repeat":"repeat","background-position":"center center","background-size":"auto","background-attachment":"scroll","background-type":"","background-media":"","overlay-type":"","overlay-color":"","overlay-opacity":"","overlay-gradient":""},"tablet":{"background-color":"","background-image":"","background-repeat":"repeat","background-position":"center center","background-size":"auto","background-attachment":"scroll","background-type":"","background-media":"","overlay-type":"","overlay-color":"","overlay-opacity":"","overlay-gradient":""},"mobile":{"background-color":"","background-image":"","background-repeat":"repeat","background-position":"center center","background-size":"auto","background-attachment":"scroll","background-type":"","background-media":"","overlay-type":"","overlay-color":"","overlay-opacity":"","overlay-gradient":""}},"ast-content-background-meta":{"desktop":{"background-color":"var(--ast-global-color-4)","background-image":"","background-repeat":"repeat","background-position":"center center","background-size":"auto","background-attachment":"scroll","background-type":"","background-media":"","overlay-type":"","overlay-color":"","overlay-opacity":"","overlay-gradient":""},"tablet":{"background-color":"var(--ast-global-color-4)","background-image":"","background-repeat":"repeat","background-position":"center center","background-size":"auto","background-attachment":"scroll","background-type":"","background-media":"","overlay-type":"","overlay-color":"","overlay-opacity":"","overlay-gradient":""},"mobile":{"background-color":"var(--ast-global-color-4)","background-image":"","background-repeat":"repeat","background-position":"center center","background-size":"auto","background-attachment":"scroll","background-type":"","background-media":"","overlay-type":"","overlay-color":"","overlay-opacity":"","overlay-gradient":""}},"footnotes":""},"class_list":["post-1186","page","type-page","status-publish","hentry"],"_links":{"self":[{"href":"https:\/\/mohamedelyeszormati.com\/fr\/wp-json\/wp\/v2\/pages\/1186","targetHints":{"allow":["GET"]}}],"collection":[{"href":"https:\/\/mohamedelyeszormati.com\/fr\/wp-json\/wp\/v2\/pages"}],"about":[{"href":"https:\/\/mohamedelyeszormati.com\/fr\/wp-json\/wp\/v2\/types\/page"}],"author":[{"embeddable":true,"href":"https:\/\/mohamedelyeszormati.com\/fr\/wp-json\/wp\/v2\/users\/1"}],"replies":[{"embeddable":true,"href":"https:\/\/mohamedelyeszormati.com\/fr\/wp-json\/wp\/v2\/comments?post=1186"}],"version-history":[{"count":90,"href":"https:\/\/mohamedelyeszormati.com\/fr\/wp-json\/wp\/v2\/pages\/1186\/revisions"}],"predecessor-version":[{"id":1560,"href":"https:\/\/mohamedelyeszormati.com\/fr\/wp-json\/wp\/v2\/pages\/1186\/revisions\/1560"}],"wp:attachment":[{"href":"https:\/\/mohamedelyeszormati.com\/fr\/wp-json\/wp\/v2\/media?parent=1186"}],"curies":[{"name":"wp","href":"https:\/\/api.w.org\/{rel}","templated":true}]}}