{"id":1311,"date":"2026-02-11T15:54:11","date_gmt":"2026-02-11T15:54:11","guid":{"rendered":"https:\/\/mohamedelyeszormati.com\/?page_id=1311"},"modified":"2026-02-13T06:19:57","modified_gmt":"2026-02-13T06:19:57","slug":"showcase-website","status":"publish","type":"page","link":"https:\/\/mohamedelyeszormati.com\/fr\/showcase-website\/","title":{"rendered":"Showcase Website"},"content":{"rendered":"<div data-elementor-type=\"wp-page\" data-elementor-id=\"1311\" class=\"elementor elementor-1311\">\n\t\t\t\t<div class=\"elementor-element elementor-element-ff32049 e-flex e-con-boxed e-con e-parent\" data-id=\"ff32049\" data-element_type=\"container\">\n\t\t\t\t\t<div class=\"e-con-inner\">\n\t\t<div class=\"elementor-element elementor-element-69278e4 e-con-full e-flex e-con e-child\" data-id=\"69278e4\" data-element_type=\"container\" data-settings=\"{&quot;animation&quot;:&quot;none&quot;,&quot;animation_delay&quot;:0}\">\n\t\t\t\t<div class=\"elementor-element elementor-element-555eefb elementor-widget elementor-widget-text-editor\" data-id=\"555eefb\" data-element_type=\"widget\" data-widget_type=\"text-editor.default\">\n\t\t\t\t\t\t\t\t\t<p>Introduction<\/p>\t\t\t\t\t\t\t\t<\/div>\n\t\t\t\t<div class=\"elementor-element elementor-element-d5a428c elementor-widget elementor-widget-heading\" data-id=\"d5a428c\" data-element_type=\"widget\" data-widget_type=\"heading.default\">\n\t\t\t\t\t<h3 class=\"elementor-heading-title elementor-size-default\">Qu'est-ce qu'un site vitrine\u00a0?<\/h3>\t\t\t\t<\/div>\n\t\t\t\t<div class=\"elementor-element elementor-element-1d07736 elementor-widget elementor-widget-text-editor\" data-id=\"1d07736\" data-element_type=\"widget\" data-widget_type=\"text-editor.default\">\n\t\t\t\t\t\t\t\t\t<p>Un site vitrine est un site web compos\u00e9 de plusieurs pages qui pr\u00e9sente la marque, les produits et les services d'une entreprise. Il fournit des informations essentielles telles que l'historique de l'entreprise, ses offres, ses coordonn\u00e9es et les t\u00e9moignages clients, contribuant ainsi \u00e0 renforcer sa cr\u00e9dibilit\u00e9 et la confiance de ses clients. Con\u00e7u pour attirer et fid\u00e9liser les visiteurs, un site vitrine propose g\u00e9n\u00e9ralement une navigation intuitive, des visuels attrayants et des appels \u00e0 l'action incitant aux demandes de renseignements ou aux ventes. Il constitue un point central pour le marketing, la communication et la croissance de l'entreprise dans l'univers num\u00e9rique.<\/p>\t\t\t\t\t\t\t\t<\/div>\n\t\t\t\t<\/div>\n\t\t<div class=\"elementor-element elementor-element-f7a83a5 e-con-full e-flex e-con e-child\" data-id=\"f7a83a5\" data-element_type=\"container\" data-settings=\"{&quot;animation&quot;:&quot;none&quot;,&quot;animation_delay&quot;:500}\">\n\t\t\t\t<div class=\"elementor-element elementor-element-0ef2101 elementor-invisible elementor-widget elementor-widget-image\" data-id=\"0ef2101\" data-element_type=\"widget\" data-settings=\"{&quot;_animation&quot;:&quot;fadeIn&quot;,&quot;_animation_delay&quot;:500}\" data-widget_type=\"image.default\">\n\t\t\t\t\t\t\t\t\t\t\t\t\t\t\t<img fetchpriority=\"high\" decoding=\"async\" width=\"1024\" height=\"456\" src=\"https:\/\/mohamedelyeszormati.com\/wp-content\/uploads\/2026\/02\/Website-design-1024x456.webp\" class=\"attachment-large size-large wp-image-1322\" alt=\"\" srcset=\"https:\/\/mohamedelyeszormati.com\/wp-content\/uploads\/2026\/02\/Website-design-1024x456.webp 1024w, https:\/\/mohamedelyeszormati.com\/wp-content\/uploads\/2026\/02\/Website-design-300x134.webp 300w, https:\/\/mohamedelyeszormati.com\/wp-content\/uploads\/2026\/02\/Website-design-768x342.webp 768w, https:\/\/mohamedelyeszormati.com\/wp-content\/uploads\/2026\/02\/Website-design-1536x684.webp 1536w, https:\/\/mohamedelyeszormati.com\/wp-content\/uploads\/2026\/02\/Website-design-18x8.webp 18w, https:\/\/mohamedelyeszormati.com\/wp-content\/uploads\/2026\/02\/Website-design.webp 1600w\" sizes=\"(max-width: 1024px) 100vw, 1024px\" \/>\t\t\t\t\t\t\t\t\t\t\t\t\t\t\t<\/div>\n\t\t\t\t<\/div>\n\t\t\t\t\t<\/div>\n\t\t\t\t<\/div>\n\t\t<div class=\"elementor-element elementor-element-ee04244 e-flex e-con-boxed e-con e-parent\" data-id=\"ee04244\" data-element_type=\"container\">\n\t\t\t\t\t<div class=\"e-con-inner\">\n\t\t\t\t<div class=\"elementor-element elementor-element-a6e2489 elementor-widget-divider--view-line elementor-widget elementor-widget-divider\" data-id=\"a6e2489\" data-element_type=\"widget\" data-widget_type=\"divider.default\">\n\t\t\t\t\t\t\t<div class=\"elementor-divider\">\n\t\t\t<span class=\"elementor-divider-separator\">\n\t\t\t\t\t\t<\/span>\n\t\t<\/div>\n\t\t\t\t\t\t<\/div>\n\t\t\t\t\t<\/div>\n\t\t\t\t<\/div>\n\t\t<div class=\"elementor-element elementor-element-8792204 e-flex e-con-boxed e-con e-parent\" data-id=\"8792204\" data-element_type=\"container\">\n\t\t\t\t\t<div class=\"e-con-inner\">\n\t\t<div class=\"elementor-element elementor-element-9d3be04 e-con-full e-flex e-con e-child\" data-id=\"9d3be04\" data-element_type=\"container\" data-settings=\"{&quot;animation&quot;:&quot;none&quot;,&quot;animation_delay&quot;:500}\">\n\t\t\t\t<div class=\"elementor-element elementor-element-bb12dd0 elementor-widget elementor-widget-image\" data-id=\"bb12dd0\" data-element_type=\"widget\" data-widget_type=\"image.default\">\n\t\t\t\t\t\t\t\t\t\t\t\t\t\t\t<img decoding=\"async\" width=\"800\" height=\"600\" src=\"https:\/\/mohamedelyeszormati.com\/wp-content\/uploads\/2026\/02\/business-website-benefits.webp\" class=\"attachment-large size-large wp-image-1384\" alt=\"\" \/>\t\t\t\t\t\t\t\t\t\t\t\t\t\t\t<\/div>\n\t\t\t\t<\/div>\n\t\t<div class=\"elementor-element elementor-element-7869618 e-con-full e-flex e-con e-child\" data-id=\"7869618\" data-element_type=\"container\" data-settings=\"{&quot;animation&quot;:&quot;none&quot;,&quot;animation_delay&quot;:500}\">\n\t\t\t\t<div class=\"elementor-element elementor-element-38b4fa4 elementor-widget elementor-widget-text-editor\" data-id=\"38b4fa4\" data-element_type=\"widget\" data-widget_type=\"text-editor.default\">\n\t\t\t\t\t\t\t\t\t<p>Avantages<\/p>\t\t\t\t\t\t\t\t<\/div>\n\t\t\t\t<div class=\"elementor-element elementor-element-83e90a6 elementor-widget elementor-widget-heading\" data-id=\"83e90a6\" data-element_type=\"widget\" data-widget_type=\"heading.default\">\n\t\t\t\t\t<h3 class=\"elementor-heading-title elementor-size-default\">Quels sont les avantages d'un site vitrine pour votre entreprise\u00a0?<\/h3>\t\t\t\t<\/div>\n\t\t\t\t<div class=\"elementor-element elementor-element-2ead8dc elementor-widget elementor-widget-text-editor\" data-id=\"2ead8dc\" data-element_type=\"widget\" data-widget_type=\"text-editor.default\">\n\t\t\t\t\t\t\t\t\t<p>Un site vitrine est un atout pr\u00e9cieux pour votre entreprise\u00a0: il renforce votre pr\u00e9sence en ligne et rend votre marque accessible \u00e0 vos clients \u00e0 tout moment. Il vous permet de pr\u00e9senter vos produits ou services de mani\u00e8re professionnelle, d'instaurer la confiance et la cr\u00e9dibilit\u00e9, et de toucher un public plus large, au-del\u00e0 de votre emplacement physique. Gr\u00e2ce \u00e0 votre site web, vous pouvez g\u00e9n\u00e9rer des prospects, soutenir vos efforts marketing, communiquer directement avec vos clients et cr\u00e9er de nouvelles opportunit\u00e9s de croissance et d'augmentation de votre chiffre d'affaires.<\/p>\t\t\t\t\t\t\t\t<\/div>\n\t\t\t\t<\/div>\n\t\t\t\t\t<\/div>\n\t\t\t\t<\/div>\n\t\t<div class=\"elementor-element elementor-element-44920fe e-flex e-con-boxed e-con e-parent\" data-id=\"44920fe\" data-element_type=\"container\">\n\t\t\t\t\t<div class=\"e-con-inner\">\n\t\t\t\t<div class=\"elementor-element elementor-element-2c062be elementor-widget-divider--view-line elementor-widget elementor-widget-divider\" data-id=\"2c062be\" data-element_type=\"widget\" data-widget_type=\"divider.default\">\n\t\t\t\t\t\t\t<div class=\"elementor-divider\">\n\t\t\t<span class=\"elementor-divider-separator\">\n\t\t\t\t\t\t<\/span>\n\t\t<\/div>\n\t\t\t\t\t\t<\/div>\n\t\t\t\t\t<\/div>\n\t\t\t\t<\/div>\n\t\t<div class=\"elementor-element elementor-element-35188b7 e-flex e-con-boxed e-con e-parent\" data-id=\"35188b7\" data-element_type=\"container\">\n\t\t\t\t\t<div class=\"e-con-inner\">\n\t\t<div class=\"elementor-element elementor-element-26ac5ad e-con-full e-flex e-con e-child\" data-id=\"26ac5ad\" data-element_type=\"container\" data-settings=\"{&quot;animation&quot;:&quot;none&quot;,&quot;animation_delay&quot;:500}\">\n\t\t\t\t<div class=\"elementor-element elementor-element-bcdaab8 elementor-widget elementor-widget-text-editor\" data-id=\"bcdaab8\" data-element_type=\"widget\" data-widget_type=\"text-editor.default\">\n\t\t\t\t\t\t\t\t\t<p>Analyses et donn\u00e9es<\/p>\t\t\t\t\t\t\t\t<\/div>\n\t\t\t\t<div class=\"elementor-element elementor-element-be66b25 elementor-widget elementor-widget-heading\" data-id=\"be66b25\" data-element_type=\"widget\" data-widget_type=\"heading.default\">\n\t\t\t\t\t<h3 class=\"elementor-heading-title elementor-size-default\">Suivez les performances de votre site vitrine<\/h3>\t\t\t\t<\/div>\n\t\t\t\t<div class=\"elementor-element elementor-element-c3a8c4a elementor-widget elementor-widget-text-editor\" data-id=\"c3a8c4a\" data-element_type=\"widget\" data-widget_type=\"text-editor.default\">\n\t\t\t\t\t\t\t\t\t<p>Vous pourrez suivre les performances de votre site vitrine gr\u00e2ce \u00e0 des outils d'analyse qui surveillent l'activit\u00e9 et le comportement des visiteurs.<\/p><p>Gr\u00e2ce \u00e0 un tableau de bord personnalis\u00e9, vous pouvez consulter des informations importantes telles que le nombre de visiteurs sur votre site, leur provenance, les pages qu'ils consultent le plus, la dur\u00e9e de leur visite et les actions qu'ils effectuent.<\/p><p>Ces donn\u00e9es vous aident \u00e0 mieux comprendre votre public, \u00e0 mesurer l'efficacit\u00e9 de vos efforts marketing et \u00e0 prendre des d\u00e9cisions \u00e9clair\u00e9es pour am\u00e9liorer votre site web et d\u00e9velopper votre activit\u00e9.<\/p>\t\t\t\t\t\t\t\t<\/div>\n\t\t\t\t<\/div>\n\t\t<div class=\"elementor-element elementor-element-71171d6 e-con-full e-flex e-con e-child\" data-id=\"71171d6\" data-element_type=\"container\" data-settings=\"{&quot;animation&quot;:&quot;none&quot;,&quot;animation_delay&quot;:500}\">\n\t\t\t\t<div class=\"elementor-element elementor-element-fa907da elementor-widget elementor-widget-image\" data-id=\"fa907da\" data-element_type=\"widget\" data-settings=\"{&quot;_animation&quot;:&quot;none&quot;,&quot;_animation_delay&quot;:0}\" data-widget_type=\"image.default\">\n\t\t\t\t\t\t\t\t\t\t\t\t\t\t\t<img decoding=\"async\" width=\"1024\" height=\"621\" src=\"https:\/\/mohamedelyeszormati.com\/wp-content\/uploads\/2026\/02\/advanced-insights-analystics-reporting.gif\" class=\"attachment-large size-large wp-image-1361\" alt=\"\" \/>\t\t\t\t\t\t\t\t\t\t\t\t\t\t\t<\/div>\n\t\t\t\t<\/div>\n\t\t\t\t\t<\/div>\n\t\t\t\t<\/div>\n\t\t<div class=\"elementor-element elementor-element-9d70b79 e-flex e-con-boxed e-con e-parent\" data-id=\"9d70b79\" data-element_type=\"container\">\n\t\t\t\t\t<div class=\"e-con-inner\">\n\t\t\t\t<div class=\"elementor-element elementor-element-a023680 elementor-widget-divider--view-line elementor-widget elementor-widget-divider\" data-id=\"a023680\" data-element_type=\"widget\" data-widget_type=\"divider.default\">\n\t\t\t\t\t\t\t<div class=\"elementor-divider\">\n\t\t\t<span class=\"elementor-divider-separator\">\n\t\t\t\t\t\t<\/span>\n\t\t<\/div>\n\t\t\t\t\t\t<\/div>\n\t\t\t\t\t<\/div>\n\t\t\t\t<\/div>\n\t\t<div class=\"elementor-element elementor-element-5dc3c80 e-flex e-con-boxed e-con e-parent\" data-id=\"5dc3c80\" data-element_type=\"container\">\n\t\t\t\t\t<div class=\"e-con-inner\">\n\t\t<div class=\"elementor-element elementor-element-e28fe94 e-con-full e-flex e-con e-child\" data-id=\"e28fe94\" data-element_type=\"container\" data-settings=\"{&quot;animation&quot;:&quot;none&quot;,&quot;animation_delay&quot;:500}\">\n\t\t\t\t<div class=\"elementor-element elementor-element-abd160f elementor-widget elementor-widget-text-editor\" data-id=\"abd160f\" data-element_type=\"widget\" data-widget_type=\"text-editor.default\">\n\t\t\t\t\t\t\t\t\t<p>Responsive Design<\/p>\t\t\t\t\t\t\t\t<\/div>\n\t\t\t\t<div class=\"elementor-element elementor-element-663f9d9 elementor-widget elementor-widget-heading\" data-id=\"663f9d9\" data-element_type=\"widget\" data-widget_type=\"heading.default\">\n\t\t\t\t\t<h3 class=\"elementor-heading-title elementor-size-default\">Votre site web vitrine s'affiche parfaitement sur tous les appareils<\/h3>\t\t\t\t<\/div>\n\t\t\t\t<div class=\"elementor-element elementor-element-307b003 elementor-widget elementor-widget-text-editor\" data-id=\"307b003\" data-element_type=\"widget\" data-widget_type=\"text-editor.default\">\n\t\t\t\t\t\t\t\t\t<p>Votre site vitrine s'adaptera automatiquement pour fonctionner parfaitement sur tous les \u00e9crans.<\/p><p>Cela garantit une exp\u00e9rience utilisateur homog\u00e8ne, une navigation facile et des performances rapides, que vos visiteurs naviguent sur un PC, une tablette ou un smartphone.<\/p>\t\t\t\t\t\t\t\t<\/div>\n\t\t\t\t<\/div>\n\t\t<div class=\"elementor-element elementor-element-1b4d413 e-con-full e-flex e-con e-child\" data-id=\"1b4d413\" data-element_type=\"container\" data-settings=\"{&quot;animation&quot;:&quot;none&quot;,&quot;animation_delay&quot;:500}\">\n\t\t\t\t<div class=\"elementor-element elementor-element-c33f1ed elementor-invisible elementor-widget elementor-widget-image\" data-id=\"c33f1ed\" data-element_type=\"widget\" data-settings=\"{&quot;_animation&quot;:&quot;fadeIn&quot;,&quot;_animation_delay&quot;:1000}\" data-widget_type=\"image.default\">\n\t\t\t\t\t\t\t\t\t\t\t\t\t\t\t<img decoding=\"async\" src=\"https:\/\/mohamedelyeszormati.com\/wp-content\/uploads\/2026\/02\/responsive-website.gif\" title=\"\" alt=\"\" loading=\"lazy\" \/>\t\t\t\t\t\t\t\t\t\t\t\t\t\t\t<\/div>\n\t\t\t\t<\/div>\n\t\t\t\t\t<\/div>\n\t\t\t\t<\/div>\n\t\t<div class=\"elementor-element elementor-element-b7ca373 e-flex e-con-boxed e-con e-parent\" data-id=\"b7ca373\" data-element_type=\"container\">\n\t\t\t\t\t<div class=\"e-con-inner\">\n\t\t\t\t<div class=\"elementor-element elementor-element-59de385 elementor-widget-divider--view-line elementor-widget elementor-widget-divider\" data-id=\"59de385\" data-element_type=\"widget\" data-widget_type=\"divider.default\">\n\t\t\t\t\t\t\t<div class=\"elementor-divider\">\n\t\t\t<span class=\"elementor-divider-separator\">\n\t\t\t\t\t\t<\/span>\n\t\t<\/div>\n\t\t\t\t\t\t<\/div>\n\t\t\t\t\t<\/div>\n\t\t\t\t<\/div>\n\t\t<div class=\"elementor-element elementor-element-1afdfd1 e-flex e-con-boxed e-con e-parent\" data-id=\"1afdfd1\" data-element_type=\"container\" data-settings=\"{&quot;animation&quot;:&quot;none&quot;,&quot;animation_delay&quot;:500}\">\n\t\t\t\t\t<div class=\"e-con-inner\">\n\t\t<div class=\"elementor-element elementor-element-15744ab e-con-full e-flex e-con e-child\" data-id=\"15744ab\" data-element_type=\"container\">\n\t\t\t\t<div class=\"elementor-element elementor-element-8966e76 elementor-widget elementor-widget-heading\" data-id=\"8966e76\" data-element_type=\"widget\" data-widget_type=\"heading.default\">\n\t\t\t\t\t<h3 class=\"elementor-heading-title elementor-size-default\">\u00cates-vous int\u00e9ress\u00e9s par un site vitrine\u00a0?<\/h3>\t\t\t\t<\/div>\n\t\t\t\t<div class=\"elementor-element elementor-element-0cfb532 elementor-widget elementor-widget-text-editor\" data-id=\"0cfb532\" data-element_type=\"widget\" data-widget_type=\"text-editor.default\">\n\t\t\t\t\t\t\t\t\t<p>Veuillez demander un devis pour commencer.<\/p>\t\t\t\t\t\t\t\t<\/div>\n\t\t\t\t<\/div>\n\t\t<div class=\"elementor-element elementor-element-cd16dcf e-con-full e-flex e-con e-child\" data-id=\"cd16dcf\" data-element_type=\"container\">\n\t\t\t\t<div class=\"elementor-element elementor-element-a628f2b elementor-mobile-align-center elementor-widget elementor-widget-button\" data-id=\"a628f2b\" data-element_type=\"widget\" data-widget_type=\"button.default\">\n\t\t\t\t\t\t\t\t\t\t<a class=\"elementor-button elementor-button-link elementor-size-sm\" href=\"https:\/\/mohamedelyeszormati.com\/fr\/request-a-quote\/\">\n\t\t\t\t\t\t<span class=\"elementor-button-content-wrapper\">\n\t\t\t\t\t\t\t\t\t<span class=\"elementor-button-text\">Demander un Devis<\/span>\n\t\t\t\t\t<\/span>\n\t\t\t\t\t<\/a>\n\t\t\t\t\t\t\t\t<\/div>\n\t\t\t\t<\/div>\n\t\t\t\t\t<\/div>\n\t\t\t\t<\/div>\n\t\t\t\t<\/div>","protected":false},"excerpt":{"rendered":"<p>Introduction What Is a Showcase Website? A showcase website is a multi-page website that represents a company\u2019s brand, products, and [&hellip;]<\/p>","protected":false},"author":1,"featured_media":0,"parent":0,"menu_order":0,"comment_status":"closed","ping_status":"closed","template":"","meta":{"site-sidebar-layout":"no-sidebar","site-content-layout":"","ast-site-content-layout":"full-width-container","site-content-style":"default","site-sidebar-style":"default","ast-global-header-display":"","ast-banner-title-visibility":"","ast-main-header-display":"","ast-hfb-above-header-display":"","ast-hfb-below-header-display":"","ast-hfb-mobile-header-display":"","site-post-title":"disabled","ast-breadcrumbs-content":"","ast-featured-img":"disabled","footer-sml-layout":"","ast-disable-related-posts":"","theme-transparent-header-meta":"","adv-header-id-meta":"","stick-header-meta":"","header-above-stick-meta":"","header-main-stick-meta":"","header-below-stick-meta":"","astra-migrate-meta-layouts":"default","ast-page-background-enabled":"default","ast-page-background-meta":{"desktop":{"background-color":"var(--ast-global-color-5)","background-image":"","background-repeat":"repeat","background-position":"center center","background-size":"auto","background-attachment":"scroll","background-type":"","background-media":"","overlay-type":"","overlay-color":"","overlay-opacity":"","overlay-gradient":""},"tablet":{"background-color":"","background-image":"","background-repeat":"repeat","background-position":"center center","background-size":"auto","background-attachment":"scroll","background-type":"","background-media":"","overlay-type":"","overlay-color":"","overlay-opacity":"","overlay-gradient":""},"mobile":{"background-color":"","background-image":"","background-repeat":"repeat","background-position":"center center","background-size":"auto","background-attachment":"scroll","background-type":"","background-media":"","overlay-type":"","overlay-color":"","overlay-opacity":"","overlay-gradient":""}},"ast-content-background-meta":{"desktop":{"background-color":"var(--ast-global-color-4)","background-image":"","background-repeat":"repeat","background-position":"center center","background-size":"auto","background-attachment":"scroll","background-type":"","background-media":"","overlay-type":"","overlay-color":"","overlay-opacity":"","overlay-gradient":""},"tablet":{"background-color":"var(--ast-global-color-4)","background-image":"","background-repeat":"repeat","background-position":"center center","background-size":"auto","background-attachment":"scroll","background-type":"","background-media":"","overlay-type":"","overlay-color":"","overlay-opacity":"","overlay-gradient":""},"mobile":{"background-color":"var(--ast-global-color-4)","background-image":"","background-repeat":"repeat","background-position":"center center","background-size":"auto","background-attachment":"scroll","background-type":"","background-media":"","overlay-type":"","overlay-color":"","overlay-opacity":"","overlay-gradient":""}},"footnotes":""},"class_list":["post-1311","page","type-page","status-publish","hentry"],"_links":{"self":[{"href":"https:\/\/mohamedelyeszormati.com\/fr\/wp-json\/wp\/v2\/pages\/1311","targetHints":{"allow":["GET"]}}],"collection":[{"href":"https:\/\/mohamedelyeszormati.com\/fr\/wp-json\/wp\/v2\/pages"}],"about":[{"href":"https:\/\/mohamedelyeszormati.com\/fr\/wp-json\/wp\/v2\/types\/page"}],"author":[{"embeddable":true,"href":"https:\/\/mohamedelyeszormati.com\/fr\/wp-json\/wp\/v2\/users\/1"}],"replies":[{"embeddable":true,"href":"https:\/\/mohamedelyeszormati.com\/fr\/wp-json\/wp\/v2\/comments?post=1311"}],"version-history":[{"count":48,"href":"https:\/\/mohamedelyeszormati.com\/fr\/wp-json\/wp\/v2\/pages\/1311\/revisions"}],"predecessor-version":[{"id":1568,"href":"https:\/\/mohamedelyeszormati.com\/fr\/wp-json\/wp\/v2\/pages\/1311\/revisions\/1568"}],"wp:attachment":[{"href":"https:\/\/mohamedelyeszormati.com\/fr\/wp-json\/wp\/v2\/media?parent=1311"}],"curies":[{"name":"wp","href":"https:\/\/api.w.org\/{rel}","templated":true}]}}