{"id":1666,"date":"2026-03-13T13:49:40","date_gmt":"2026-03-13T13:49:40","guid":{"rendered":"https:\/\/mohamedelyeszormati.com\/?page_id=1666"},"modified":"2026-03-15T07:32:59","modified_gmt":"2026-03-15T07:32:59","slug":"graphic-design","status":"publish","type":"page","link":"https:\/\/mohamedelyeszormati.com\/fr\/graphic-design\/","title":{"rendered":"Conception graphique"},"content":{"rendered":"<div data-elementor-type=\"wp-page\" data-elementor-id=\"1666\" class=\"elementor elementor-1666\">\n\t\t\t\t<div class=\"elementor-element elementor-element-3b1bb9c e-flex e-con-boxed e-con e-parent\" data-id=\"3b1bb9c\" data-element_type=\"container\">\n\t\t\t\t\t<div class=\"e-con-inner\">\n\t\t<div class=\"elementor-element elementor-element-56bb6c0 e-con-full e-flex e-con e-child\" data-id=\"56bb6c0\" data-element_type=\"container\" data-settings=\"{&quot;animation&quot;:&quot;none&quot;,&quot;animation_delay&quot;:500}\">\n\t\t\t\t<div class=\"elementor-element elementor-element-f0727c6 elementor-widget elementor-widget-text-editor\" data-id=\"f0727c6\" data-element_type=\"widget\" data-widget_type=\"text-editor.default\">\n\t\t\t\t\t\t\t\t\t<p>Introduction<\/p>\t\t\t\t\t\t\t\t<\/div>\n\t\t\t\t<div class=\"elementor-element elementor-element-9cda2c6 elementor-widget elementor-widget-heading\" data-id=\"9cda2c6\" data-element_type=\"widget\" data-widget_type=\"heading.default\">\n\t\t\t\t\t<h3 class=\"elementor-heading-title elementor-size-default\">Conception graphique<\/h3>\t\t\t\t<\/div>\n\t\t\t\t<div class=\"elementor-element elementor-element-f6b3611 elementor-widget elementor-widget-text-editor\" data-id=\"f6b3611\" data-element_type=\"widget\" data-widget_type=\"text-editor.default\">\n\t\t\t\t\t\t\t\t\t<p>Je propose des services professionnels de conception graphique, notamment des cartes de visite, des prospectus et brochures promotionnels, des menus de restaurant, des tampons et autres supports marketing.<\/p><p>Mon objectif est de cr\u00e9er des designs \u00e9pur\u00e9s et attrayants qui repr\u00e9sentent votre marque et aident votre entreprise \u00e0 se d\u00e9marquer.<\/p>\t\t\t\t\t\t\t\t<\/div>\n\t\t\t\t<\/div>\n\t\t<div class=\"elementor-element elementor-element-0e01602 e-con-full e-flex e-con e-child\" data-id=\"0e01602\" data-element_type=\"container\" data-settings=\"{&quot;animation&quot;:&quot;none&quot;,&quot;animation_delay&quot;:500}\">\n\t\t\t\t<div class=\"elementor-element elementor-element-aa8523a elementor-widget elementor-widget-image\" data-id=\"aa8523a\" data-element_type=\"widget\" data-settings=\"{&quot;_animation&quot;:&quot;none&quot;,&quot;_animation_delay&quot;:500}\" data-widget_type=\"image.default\">\n\t\t\t\t\t\t\t\t\t\t\t\t\t\t\t<img fetchpriority=\"high\" decoding=\"async\" width=\"980\" height=\"980\" src=\"https:\/\/mohamedelyeszormati.com\/wp-content\/uploads\/2026\/03\/graphic-design-illustration.jpg\" class=\"attachment-large size-large wp-image-1669\" alt=\"\" srcset=\"https:\/\/mohamedelyeszormati.com\/wp-content\/uploads\/2026\/03\/graphic-design-illustration.jpg 980w, https:\/\/mohamedelyeszormati.com\/wp-content\/uploads\/2026\/03\/graphic-design-illustration-300x300.jpg 300w, https:\/\/mohamedelyeszormati.com\/wp-content\/uploads\/2026\/03\/graphic-design-illustration-150x150.jpg 150w, https:\/\/mohamedelyeszormati.com\/wp-content\/uploads\/2026\/03\/graphic-design-illustration-768x768.jpg 768w, https:\/\/mohamedelyeszormati.com\/wp-content\/uploads\/2026\/03\/graphic-design-illustration-12x12.jpg 12w\" sizes=\"(max-width: 980px) 100vw, 980px\" \/>\t\t\t\t\t\t\t\t\t\t\t\t\t\t\t<\/div>\n\t\t\t\t<\/div>\n\t\t\t\t\t<\/div>\n\t\t\t\t<\/div>\n\t\t<div class=\"elementor-element elementor-element-7932884 e-flex e-con-boxed e-con e-parent\" data-id=\"7932884\" data-element_type=\"container\">\n\t\t\t\t\t<div class=\"e-con-inner\">\n\t\t\t\t<div class=\"elementor-element elementor-element-bf038f9 elementor-widget-divider--view-line elementor-widget elementor-widget-divider\" data-id=\"bf038f9\" data-element_type=\"widget\" data-widget_type=\"divider.default\">\n\t\t\t\t\t\t\t<div class=\"elementor-divider\">\n\t\t\t<span class=\"elementor-divider-separator\">\n\t\t\t\t\t\t<\/span>\n\t\t<\/div>\n\t\t\t\t\t\t<\/div>\n\t\t\t\t\t<\/div>\n\t\t\t\t<\/div>\n\t\t<div class=\"elementor-element elementor-element-b3d3d2f e-flex e-con-boxed e-con e-parent\" data-id=\"b3d3d2f\" data-element_type=\"container\">\n\t\t\t\t\t<div class=\"e-con-inner\">\n\t\t<div class=\"elementor-element elementor-element-c462a2c e-con-full e-flex e-con e-child\" data-id=\"c462a2c\" data-element_type=\"container\" data-settings=\"{&quot;animation&quot;:&quot;none&quot;,&quot;animation_delay&quot;:500}\">\n\t\t\t\t<div class=\"elementor-element elementor-element-8b300bd elementor-widget elementor-widget-image\" data-id=\"8b300bd\" data-element_type=\"widget\" data-widget_type=\"image.default\">\n\t\t\t\t\t\t\t\t\t\t\t\t\t\t\t<img decoding=\"async\" width=\"1024\" height=\"1024\" src=\"https:\/\/mohamedelyeszormati.com\/wp-content\/uploads\/2026\/03\/business-cards.webp\" class=\"attachment-large size-large wp-image-1671\" alt=\"\" \/>\t\t\t\t\t\t\t\t\t\t\t\t\t\t\t<\/div>\n\t\t\t\t<\/div>\n\t\t<div class=\"elementor-element elementor-element-2752ecb e-con-full e-flex e-con e-child\" data-id=\"2752ecb\" data-element_type=\"container\" data-settings=\"{&quot;animation&quot;:&quot;none&quot;,&quot;animation_delay&quot;:500}\">\n\t\t\t\t<div class=\"elementor-element elementor-element-61e61c5 elementor-widget elementor-widget-text-editor\" data-id=\"61e61c5\" data-element_type=\"widget\" data-widget_type=\"text-editor.default\">\n\t\t\t\t\t\t\t\t\t<p>Conception graphique<\/p>\t\t\t\t\t\t\t\t<\/div>\n\t\t\t\t<div class=\"elementor-element elementor-element-9d8168f elementor-widget elementor-widget-heading\" data-id=\"9d8168f\" data-element_type=\"widget\" data-widget_type=\"heading.default\">\n\t\t\t\t\t<h3 class=\"elementor-heading-title elementor-size-default\">Cartes de visite<\/h3>\t\t\t\t<\/div>\n\t\t\t\t<div class=\"elementor-element elementor-element-981c800 elementor-widget elementor-widget-text-editor\" data-id=\"981c800\" data-element_type=\"widget\" data-widget_type=\"text-editor.default\">\n\t\t\t\t\t\t\t\t\t<p>Je con\u00e7ois des cartes de visite professionnelles qui refl\u00e8tent votre marque et font une forte premi\u00e8re impression.<\/p><p>Chaque carte est soigneusement con\u00e7ue avec des mises en page \u00e9pur\u00e9es, une typographie \u00e9quilibr\u00e9e et des couleurs correspondant \u00e0 votre identit\u00e9, garantissant un design moderne et m\u00e9morable qui repr\u00e9sente votre entreprise.<\/p>\t\t\t\t\t\t\t\t<\/div>\n\t\t\t\t<\/div>\n\t\t\t\t\t<\/div>\n\t\t\t\t<\/div>\n\t\t<div class=\"elementor-element elementor-element-79aaa66 e-flex e-con-boxed e-con e-parent\" data-id=\"79aaa66\" data-element_type=\"container\">\n\t\t\t\t\t<div class=\"e-con-inner\">\n\t\t\t\t<div class=\"elementor-element elementor-element-5576e51 elementor-widget-divider--view-line elementor-widget elementor-widget-divider\" data-id=\"5576e51\" data-element_type=\"widget\" data-widget_type=\"divider.default\">\n\t\t\t\t\t\t\t<div class=\"elementor-divider\">\n\t\t\t<span class=\"elementor-divider-separator\">\n\t\t\t\t\t\t<\/span>\n\t\t<\/div>\n\t\t\t\t\t\t<\/div>\n\t\t\t\t\t<\/div>\n\t\t\t\t<\/div>\n\t\t<div class=\"elementor-element elementor-element-1bb1782 e-flex e-con-boxed e-con e-parent\" data-id=\"1bb1782\" data-element_type=\"container\">\n\t\t\t\t\t<div class=\"e-con-inner\">\n\t\t<div class=\"elementor-element elementor-element-fb0613c e-con-full e-flex e-con e-child\" data-id=\"fb0613c\" data-element_type=\"container\" data-settings=\"{&quot;animation&quot;:&quot;none&quot;,&quot;animation_delay&quot;:500}\">\n\t\t\t\t<div class=\"elementor-element elementor-element-b56cce2 elementor-widget elementor-widget-text-editor\" data-id=\"b56cce2\" data-element_type=\"widget\" data-widget_type=\"text-editor.default\">\n\t\t\t\t\t\t\t\t\t<p>Conception graphique<\/p>\t\t\t\t\t\t\t\t<\/div>\n\t\t\t\t<div class=\"elementor-element elementor-element-c6e68a3 elementor-widget elementor-widget-heading\" data-id=\"c6e68a3\" data-element_type=\"widget\" data-widget_type=\"heading.default\">\n\t\t\t\t\t<h3 class=\"elementor-heading-title elementor-size-default\">D\u00e9pliants et brochures publicitaires<\/h3>\t\t\t\t<\/div>\n\t\t\t\t<div class=\"elementor-element elementor-element-e267592 elementor-widget elementor-widget-text-editor\" data-id=\"e267592\" data-element_type=\"widget\" data-widget_type=\"text-editor.default\">\n\t\t\t\t\t\t\t\t\t<p>Je con\u00e7ois des prospectus et des brochures promotionnelles qui captent l'attention et communiquent clairement votre message.<\/p><p>Chaque design est cr\u00e9\u00e9 avec des visuels attrayants, un contenu bien organis\u00e9 et une mise en page qui met en valeur votre marque, vous aidant ainsi \u00e0 promouvoir efficacement vos produits, services ou \u00e9v\u00e9nements.<\/p>\t\t\t\t\t\t\t\t<\/div>\n\t\t\t\t<\/div>\n\t\t<div class=\"elementor-element elementor-element-b46d19b e-con-full e-flex e-con e-child\" data-id=\"b46d19b\" data-element_type=\"container\" data-settings=\"{&quot;animation&quot;:&quot;none&quot;,&quot;animation_delay&quot;:500}\">\n\t\t\t\t<div class=\"elementor-element elementor-element-b78fbf6 elementor-widget elementor-widget-image\" data-id=\"b78fbf6\" data-element_type=\"widget\" data-settings=\"{&quot;_animation&quot;:&quot;none&quot;,&quot;_animation_delay&quot;:500}\" data-widget_type=\"image.default\">\n\t\t\t\t\t\t\t\t\t\t\t\t\t\t\t<img decoding=\"async\" width=\"400\" height=\"400\" src=\"https:\/\/mohamedelyeszormati.com\/wp-content\/uploads\/2026\/03\/brochure-animation.gif\" class=\"attachment-large size-large wp-image-1674\" alt=\"\" \/>\t\t\t\t\t\t\t\t\t\t\t\t\t\t\t<\/div>\n\t\t\t\t<\/div>\n\t\t\t\t\t<\/div>\n\t\t\t\t<\/div>\n\t\t<div class=\"elementor-element elementor-element-1c5bf38 e-flex e-con-boxed e-con e-parent\" data-id=\"1c5bf38\" data-element_type=\"container\">\n\t\t\t\t\t<div class=\"e-con-inner\">\n\t\t\t\t<div class=\"elementor-element elementor-element-fbb75c9 elementor-widget-divider--view-line elementor-widget elementor-widget-divider\" data-id=\"fbb75c9\" data-element_type=\"widget\" data-widget_type=\"divider.default\">\n\t\t\t\t\t\t\t<div class=\"elementor-divider\">\n\t\t\t<span class=\"elementor-divider-separator\">\n\t\t\t\t\t\t<\/span>\n\t\t<\/div>\n\t\t\t\t\t\t<\/div>\n\t\t\t\t\t<\/div>\n\t\t\t\t<\/div>\n\t\t<div class=\"elementor-element elementor-element-63987f9 e-flex e-con-boxed e-con e-parent\" data-id=\"63987f9\" data-element_type=\"container\">\n\t\t\t\t\t<div class=\"e-con-inner\">\n\t\t<div class=\"elementor-element elementor-element-2516144 e-con-full e-flex e-con e-child\" data-id=\"2516144\" data-element_type=\"container\" data-settings=\"{&quot;animation&quot;:&quot;none&quot;,&quot;animation_delay&quot;:500}\">\n\t\t\t\t<div class=\"elementor-element elementor-element-bc13329 elementor-widget elementor-widget-image\" data-id=\"bc13329\" data-element_type=\"widget\" data-widget_type=\"image.default\">\n\t\t\t\t\t\t\t\t\t\t\t\t\t\t\t<img loading=\"lazy\" decoding=\"async\" width=\"400\" height=\"400\" src=\"https:\/\/mohamedelyeszormati.com\/wp-content\/uploads\/2026\/03\/restaurant-menu.gif\" class=\"attachment-large size-large wp-image-1675\" alt=\"\" \/>\t\t\t\t\t\t\t\t\t\t\t\t\t\t\t<\/div>\n\t\t\t\t<\/div>\n\t\t<div class=\"elementor-element elementor-element-bf1a71e e-con-full e-flex e-con e-child\" data-id=\"bf1a71e\" data-element_type=\"container\" data-settings=\"{&quot;animation&quot;:&quot;none&quot;,&quot;animation_delay&quot;:500}\">\n\t\t\t\t<div class=\"elementor-element elementor-element-395d30d elementor-widget elementor-widget-text-editor\" data-id=\"395d30d\" data-element_type=\"widget\" data-widget_type=\"text-editor.default\">\n\t\t\t\t\t\t\t\t\t<p>Conception graphique<\/p>\t\t\t\t\t\t\t\t<\/div>\n\t\t\t\t<div class=\"elementor-element elementor-element-907a734 elementor-widget elementor-widget-heading\" data-id=\"907a734\" data-element_type=\"widget\" data-widget_type=\"heading.default\">\n\t\t\t\t\t<h3 class=\"elementor-heading-title elementor-size-default\">Menus de restaurant<\/h3>\t\t\t\t<\/div>\n\t\t\t\t<div class=\"elementor-element elementor-element-ec04e25 elementor-widget elementor-widget-text-editor\" data-id=\"ec04e25\" data-element_type=\"widget\" data-widget_type=\"text-editor.default\">\n\t\t\t\t\t\t\t\t\t<p>Je con\u00e7ois des menus de restaurant visuellement attrayants et faciles \u00e0 lire.<\/p><p>Chaque menu est con\u00e7u avec une mise en page \u00e9pur\u00e9e, une typographie attrayante et un style qui refl\u00e8te l'image de marque de votre restaurant, contribuant ainsi \u00e0 mettre en valeur vos plats et \u00e0 faire une excellente impression aupr\u00e8s de vos clients.<\/p>\t\t\t\t\t\t\t\t<\/div>\n\t\t\t\t<\/div>\n\t\t\t\t\t<\/div>\n\t\t\t\t<\/div>\n\t\t<div class=\"elementor-element elementor-element-b79064d e-flex e-con-boxed e-con e-parent\" data-id=\"b79064d\" data-element_type=\"container\">\n\t\t\t\t\t<div class=\"e-con-inner\">\n\t\t\t\t<div class=\"elementor-element elementor-element-8c3db36 elementor-widget-divider--view-line elementor-widget elementor-widget-divider\" data-id=\"8c3db36\" data-element_type=\"widget\" data-widget_type=\"divider.default\">\n\t\t\t\t\t\t\t<div class=\"elementor-divider\">\n\t\t\t<span class=\"elementor-divider-separator\">\n\t\t\t\t\t\t<\/span>\n\t\t<\/div>\n\t\t\t\t\t\t<\/div>\n\t\t\t\t\t<\/div>\n\t\t\t\t<\/div>\n\t\t<div class=\"elementor-element elementor-element-806a8b4 e-flex e-con-boxed e-con e-parent\" data-id=\"806a8b4\" data-element_type=\"container\">\n\t\t\t\t\t<div class=\"e-con-inner\">\n\t\t<div class=\"elementor-element elementor-element-59b3bba e-con-full e-flex e-con e-child\" data-id=\"59b3bba\" data-element_type=\"container\" data-settings=\"{&quot;animation&quot;:&quot;none&quot;,&quot;animation_delay&quot;:500}\">\n\t\t\t\t<div class=\"elementor-element elementor-element-78d1f7d elementor-widget elementor-widget-text-editor\" data-id=\"78d1f7d\" data-element_type=\"widget\" data-widget_type=\"text-editor.default\">\n\t\t\t\t\t\t\t\t\t<p>Conception graphique<\/p>\t\t\t\t\t\t\t\t<\/div>\n\t\t\t\t<div class=\"elementor-element elementor-element-3acd277 elementor-widget elementor-widget-heading\" data-id=\"3acd277\" data-element_type=\"widget\" data-widget_type=\"heading.default\">\n\t\t\t\t\t<h3 class=\"elementor-heading-title elementor-size-default\">Cachets personnalis\u00e9s<\/h3>\t\t\t\t<\/div>\n\t\t\t\t<div class=\"elementor-element elementor-element-4f72717 elementor-widget elementor-widget-text-editor\" data-id=\"4f72717\" data-element_type=\"widget\" data-widget_type=\"text-editor.default\">\n\t\t\t\t\t\t\t\t\t<p>Je con\u00e7ois des tampons personnalis\u00e9s, clairs, professionnels et adapt\u00e9s aux besoins de votre entreprise.<\/p><p>Chaque tampon est cr\u00e9\u00e9 avec une mise en page \u00e9pur\u00e9e et des d\u00e9tails pr\u00e9cis pour garantir un rendu net et lisible \u00e0 l'impression, tout en refl\u00e9tant l'identit\u00e9 de votre marque.<\/p>\t\t\t\t\t\t\t\t<\/div>\n\t\t\t\t<\/div>\n\t\t<div class=\"elementor-element elementor-element-5686ae6 e-con-full e-flex e-con e-child\" data-id=\"5686ae6\" data-element_type=\"container\" data-settings=\"{&quot;animation&quot;:&quot;none&quot;,&quot;animation_delay&quot;:500}\">\n\t\t\t\t<div class=\"elementor-element elementor-element-4753479 elementor-widget elementor-widget-image\" data-id=\"4753479\" data-element_type=\"widget\" data-settings=\"{&quot;_animation&quot;:&quot;none&quot;,&quot;_animation_delay&quot;:500}\" data-widget_type=\"image.default\">\n\t\t\t\t\t\t\t\t\t\t\t\t\t\t\t<img loading=\"lazy\" decoding=\"async\" width=\"400\" height=\"400\" src=\"https:\/\/mohamedelyeszormati.com\/wp-content\/uploads\/2026\/03\/stamp.gif\" class=\"attachment-large size-large wp-image-1676\" alt=\"\" \/>\t\t\t\t\t\t\t\t\t\t\t\t\t\t\t<\/div>\n\t\t\t\t<\/div>\n\t\t\t\t\t<\/div>\n\t\t\t\t<\/div>\n\t\t<div class=\"elementor-element elementor-element-0aac797 e-flex e-con-boxed e-con e-parent\" data-id=\"0aac797\" data-element_type=\"container\">\n\t\t\t\t\t<div class=\"e-con-inner\">\n\t\t\t\t<div class=\"elementor-element elementor-element-30fd7f0 elementor-widget-divider--view-line elementor-widget elementor-widget-divider\" data-id=\"30fd7f0\" data-element_type=\"widget\" data-widget_type=\"divider.default\">\n\t\t\t\t\t\t\t<div class=\"elementor-divider\">\n\t\t\t<span class=\"elementor-divider-separator\">\n\t\t\t\t\t\t<\/span>\n\t\t<\/div>\n\t\t\t\t\t\t<\/div>\n\t\t\t\t\t<\/div>\n\t\t\t\t<\/div>\n\t\t<div class=\"elementor-element elementor-element-3e7671f e-flex e-con-boxed e-con e-parent\" data-id=\"3e7671f\" data-element_type=\"container\" data-settings=\"{&quot;animation&quot;:&quot;none&quot;,&quot;animation_delay&quot;:500}\">\n\t\t\t\t\t<div class=\"e-con-inner\">\n\t\t<div class=\"elementor-element elementor-element-f606597 e-con-full e-flex e-con e-child\" data-id=\"f606597\" data-element_type=\"container\">\n\t\t\t\t<div class=\"elementor-element elementor-element-b85fbc9 elementor-widget elementor-widget-heading\" data-id=\"b85fbc9\" data-element_type=\"widget\" data-widget_type=\"heading.default\">\n\t\t\t\t\t<h3 class=\"elementor-heading-title elementor-size-default\">La conception graphique vous int\u00e9resse ?<\/h3>\t\t\t\t<\/div>\n\t\t\t\t<div class=\"elementor-element elementor-element-85036e3 elementor-widget elementor-widget-text-editor\" data-id=\"85036e3\" data-element_type=\"widget\" data-widget_type=\"text-editor.default\">\n\t\t\t\t\t\t\t\t\t<p>Veuillez demander un devis pour commencer.<\/p>\t\t\t\t\t\t\t\t<\/div>\n\t\t\t\t<\/div>\n\t\t<div class=\"elementor-element elementor-element-7d9aea1 e-con-full e-flex e-con e-child\" data-id=\"7d9aea1\" data-element_type=\"container\">\n\t\t\t\t<div class=\"elementor-element elementor-element-f3f8e2b elementor-mobile-align-center elementor-widget elementor-widget-button\" data-id=\"f3f8e2b\" data-element_type=\"widget\" data-widget_type=\"button.default\">\n\t\t\t\t\t\t\t\t\t\t<a class=\"elementor-button elementor-button-link elementor-size-sm\" href=\"https:\/\/mohamedelyeszormati.com\/fr\/request-a-quote\/\">\n\t\t\t\t\t\t<span class=\"elementor-button-content-wrapper\">\n\t\t\t\t\t\t\t\t\t<span class=\"elementor-button-text\">Demander un Devis<\/span>\n\t\t\t\t\t<\/span>\n\t\t\t\t\t<\/a>\n\t\t\t\t\t\t\t\t<\/div>\n\t\t\t\t<\/div>\n\t\t\t\t\t<\/div>\n\t\t\t\t<\/div>\n\t\t\t\t<\/div>","protected":false},"excerpt":{"rendered":"<p>Introduction Graphic Design I offer professional graphic design services including business cards, promotional flyers and brochures, restaurant menus, stamps, and [&hellip;]<\/p>","protected":false},"author":1,"featured_media":0,"parent":0,"menu_order":0,"comment_status":"closed","ping_status":"closed","template":"","meta":{"site-sidebar-layout":"no-sidebar","site-content-layout":"","ast-site-content-layout":"full-width-container","site-content-style":"default","site-sidebar-style":"default","ast-global-header-display":"","ast-banner-title-visibility":"","ast-main-header-display":"","ast-hfb-above-header-display":"","ast-hfb-below-header-display":"","ast-hfb-mobile-header-display":"","site-post-title":"disabled","ast-breadcrumbs-content":"","ast-featured-img":"disabled","footer-sml-layout":"","ast-disable-related-posts":"","theme-transparent-header-meta":"","adv-header-id-meta":"","stick-header-meta":"","header-above-stick-meta":"","header-main-stick-meta":"","header-below-stick-meta":"","astra-migrate-meta-layouts":"default","ast-page-background-enabled":"default","ast-page-background-meta":{"desktop":{"background-color":"var(--ast-global-color-5)","background-image":"","background-repeat":"repeat","background-position":"center center","background-size":"auto","background-attachment":"scroll","background-type":"","background-media":"","overlay-type":"","overlay-color":"","overlay-opacity":"","overlay-gradient":""},"tablet":{"background-color":"","background-image":"","background-repeat":"repeat","background-position":"center center","background-size":"auto","background-attachment":"scroll","background-type":"","background-media":"","overlay-type":"","overlay-color":"","overlay-opacity":"","overlay-gradient":""},"mobile":{"background-color":"","background-image":"","background-repeat":"repeat","background-position":"center center","background-size":"auto","background-attachment":"scroll","background-type":"","background-media":"","overlay-type":"","overlay-color":"","overlay-opacity":"","overlay-gradient":""}},"ast-content-background-meta":{"desktop":{"background-color":"var(--ast-global-color-4)","background-image":"","background-repeat":"repeat","background-position":"center center","background-size":"auto","background-attachment":"scroll","background-type":"","background-media":"","overlay-type":"","overlay-color":"","overlay-opacity":"","overlay-gradient":""},"tablet":{"background-color":"var(--ast-global-color-4)","background-image":"","background-repeat":"repeat","background-position":"center center","background-size":"auto","background-attachment":"scroll","background-type":"","background-media":"","overlay-type":"","overlay-color":"","overlay-opacity":"","overlay-gradient":""},"mobile":{"background-color":"var(--ast-global-color-4)","background-image":"","background-repeat":"repeat","background-position":"center center","background-size":"auto","background-attachment":"scroll","background-type":"","background-media":"","overlay-type":"","overlay-color":"","overlay-opacity":"","overlay-gradient":""}},"footnotes":""},"class_list":["post-1666","page","type-page","status-publish","hentry"],"_links":{"self":[{"href":"https:\/\/mohamedelyeszormati.com\/fr\/wp-json\/wp\/v2\/pages\/1666","targetHints":{"allow":["GET"]}}],"collection":[{"href":"https:\/\/mohamedelyeszormati.com\/fr\/wp-json\/wp\/v2\/pages"}],"about":[{"href":"https:\/\/mohamedelyeszormati.com\/fr\/wp-json\/wp\/v2\/types\/page"}],"author":[{"embeddable":true,"href":"https:\/\/mohamedelyeszormati.com\/fr\/wp-json\/wp\/v2\/users\/1"}],"replies":[{"embeddable":true,"href":"https:\/\/mohamedelyeszormati.com\/fr\/wp-json\/wp\/v2\/comments?post=1666"}],"version-history":[{"count":11,"href":"https:\/\/mohamedelyeszormati.com\/fr\/wp-json\/wp\/v2\/pages\/1666\/revisions"}],"predecessor-version":[{"id":1703,"href":"https:\/\/mohamedelyeszormati.com\/fr\/wp-json\/wp\/v2\/pages\/1666\/revisions\/1703"}],"wp:attachment":[{"href":"https:\/\/mohamedelyeszormati.com\/fr\/wp-json\/wp\/v2\/media?parent=1666"}],"curies":[{"name":"wp","href":"https:\/\/api.w.org\/{rel}","templated":true}]}}